{"id":143,"date":"2018-05-05T17:05:39","date_gmt":"2018-05-05T15:05:39","guid":{"rendered":"https:\/\/appem.psychanalyse-existentielle.fr\/?page_id=143"},"modified":"2025-10-13T15:26:27","modified_gmt":"2025-10-13T13:26:27","slug":"actualites","status":"publish","type":"page","link":"https:\/\/appem.psychanalyse-existentielle.fr\/?page_id=143","title":{"rendered":"Actualit\u00e9s"},"content":{"rendered":"<table>\n<tbody>\n<tr>\n<td><a href=\"https:\/\/appem.psychanalyse-existentielle.fr\/?page_id=363\"><img loading=\"lazy\" decoding=\"async\" class=\"alignnone wp-image-361 size-medium\" src=\"http:\/\/appem.psychanalyse-existentielle.fr\/wp-content\/uploads\/2025\/10\/actu2022511-213x300.png\" alt=\"\" width=\"213\" height=\"300\" srcset=\"https:\/\/appem.psychanalyse-existentielle.fr\/wp-content\/uploads\/2025\/10\/actu2022511-213x300.png 213w, https:\/\/appem.psychanalyse-existentielle.fr\/wp-content\/uploads\/2025\/10\/actu2022511.png 560w\" sizes=\"auto, (max-width: 213px) 85vw, 213px\" \/><\/a><\/td>\n<td>Samedi 15 et Dimanche 16 Novembre 2025,<br \/>\n<strong>Le lien au c\u0153ur du travail th\u00e9rapeutique<\/strong><br \/>\nSamedi 15, 13h30 &#8211; 19h30<br \/>\nDimanche 16, 9h30 &#8211; 16h<br \/>\nH\u00f4tel IBIS- Saint Charles MARSEILLE<br \/>\n<a href=\"http:\/\/appem.psychanalyse-existentielle.fr\/wp-content\/uploads\/2025\/10\/APPEM-rencontres-15-et-16-novembre-2025.pdf\">T\u00e9l\u00e9charger le document<\/a><br \/>\n<a href=\"https:\/\/appem.psychanalyse-existentielle.fr\/?page_id=182\">S&#8217;inscrire<\/a><\/td>\n<\/tr>\n<\/tbody>\n<\/table>\n<p>&nbsp;<\/p>\n","protected":false},"excerpt":{"rendered":"<p>Samedi 15 et Dimanche 16 Novembre 2025, Le lien au c\u0153ur du travail th\u00e9rapeutique Samedi 15, 13h30 &#8211; 19h30 Dimanche 16, 9h30 &#8211; 16h H\u00f4tel IBIS- Saint Charles MARSEILLE T\u00e9l\u00e9charger le document S&#8217;inscrire &nbsp;<\/p>\n","protected":false},"author":1,"featured_media":0,"parent":0,"menu_order":0,"comment_status":"closed","ping_status":"closed","template":"","meta":{"footnotes":""},"class_list":["post-143","page","type-page","status-publish","hentry"],"_links":{"self":[{"href":"https:\/\/appem.psychanalyse-existentielle.fr\/index.php?rest_route=\/wp\/v2\/pages\/143","targetHints":{"allow":["GET"]}}],"collection":[{"href":"https:\/\/appem.psychanalyse-existentielle.fr\/index.php?rest_route=\/wp\/v2\/pages"}],"about":[{"href":"https:\/\/appem.psychanalyse-existentielle.fr\/index.php?rest_route=\/wp\/v2\/types\/page"}],"author":[{"embeddable":true,"href":"https:\/\/appem.psychanalyse-existentielle.fr\/index.php?rest_route=\/wp\/v2\/users\/1"}],"replies":[{"embeddable":true,"href":"https:\/\/appem.psychanalyse-existentielle.fr\/index.php?rest_route=%2Fwp%2Fv2%2Fcomments&post=143"}],"version-history":[{"count":24,"href":"https:\/\/appem.psychanalyse-existentielle.fr\/index.php?rest_route=\/wp\/v2\/pages\/143\/revisions"}],"predecessor-version":[{"id":375,"href":"https:\/\/appem.psychanalyse-existentielle.fr\/index.php?rest_route=\/wp\/v2\/pages\/143\/revisions\/375"}],"wp:attachment":[{"href":"https:\/\/appem.psychanalyse-existentielle.fr\/index.php?rest_route=%2Fwp%2Fv2%2Fmedia&parent=143"}],"curies":[{"name":"wp","href":"https:\/\/api.w.org\/{rel}","templated":true}]}}