{"id":182,"date":"2019-12-30T13:38:49","date_gmt":"2019-12-30T12:38:49","guid":{"rendered":"https:\/\/appem.psychanalyse-existentielle.fr\/?page_id=182"},"modified":"2025-09-21T11:32:20","modified_gmt":"2025-09-21T09:32:20","slug":"inscription-a-la-journee-du-14-mars-2020","status":"publish","type":"page","link":"https:\/\/appem.psychanalyse-existentielle.fr\/?page_id=182","title":{"rendered":"Inscription"},"content":{"rendered":"\n<p class=\"has-text-align-center has-large-font-size\"><br><strong>Inscription \u00e0 la Rencontre les samedi 15 &amp; dimanche 16 novembre 2025 \u00e0 Marseille <\/strong><br><em><mark style=\"background-color:rgba(0, 0, 0, 0)\" class=\"has-inline-color has-bright-blue-color\"><strong>Le lien au c\u0153ur du travail th\u00e9rapeutique <\/strong><br><strong>Alt\u00e9rit\u00e9, solidarit\u00e9, choralit\u00e9<\/strong><\/mark><\/em><\/p>\n\n\n\n<p><\/p>\n\n\n\n<div class=\"textwidget\"><form action=\"\/inscription\/inscription.php\" method=\"post\">\n<color class=\"has-text-color has-small-font-size has-bright-red-color\"><strong>*<\/strong><\/color>Champs n\u00e9cessaires\n<br>\nNom<color class=\"has-text-color has-small-font-size has-bright-red-color\">*<\/color> : <input type=\"text\" name=\"nom\" size=\"50\" required=\"\"> \nPrenom<color class=\"has-text-color has-small-font-size has-bright-red-color\">*<\/color> : <input type=\"text\" name=\"prenom\" size=\"50\" required=\"\"> \n<br>\nMail<color class=\"has-text-color has-small-font-size has-bright-red-color\">*<\/color> : <input type=\"email\" name=\"ad_mail\" size=\"50\" required=\"\">\n<br>\nAdresse : <input type=\"text\" name=\"adresse\" size=\"50\">\n<br>\nCode Postal : <input type=\"text\" name=\"code_postal\" size=\"50\">\n<br>\nVille : <input type=\"text\" name=\"ville\" size=\"50\">\n<br>\nT\u00e9l\u00e9phone : <input type=\"tel\" name=\"tel\" size=\"50\">\n<br>\nPr\u00e9sence au repas du dimanche midi : <input type=\"checkbox\" id =\"repas\" name=\"repas\">\n<br>\n<br>\n<input type=\"hidden\" name=\"evenement\" value=\"Evenement 2025\">\n<input type=\"hidden\" name=\"date_evt\" value=\"20251115\">\n<input type=\"submit\" value=\"S'incrire *\" method=\"post\">\n<font size=\"2\">\n<br>\n* En validant ce formulaire, vous acceptez que le site internet appem.psychanalyse.existentille.fr, collecte ces donn\u00e9es \u00e0 caract\u00e8re personnel \u00e0 des fins d&#8217;organisation \u00e9v\u00e9nementielle et de mailing liste pour des envois d&#8217;informations. Conform\u00e9ment \u00e0 la loi informatique et libert\u00e9s du 6 janvier 1978, vous b\u00e9n\u00e9ficiez d\u2019un droit d\u2019acc\u00e8s, de rectification et de suppression de vos donn\u00e9es personnelles. Vous seul&#xB7;e pouvez exercer ces droits sur vos propres donn\u00e9es en \u00e9crivant par mail \u00e0 evenements.appem@psychanalyse-existentielle.fr ou par courrier postal \u00e0 APPEM 12 Boulevard Chave, 13005 Marseille  (joindre une photocopie sign\u00e9e de votre pi\u00e8ce d\u2019identit\u00e9 ).<\/font>\n<\/form><\/div>\n","protected":false},"excerpt":{"rendered":"<p>Inscription \u00e0 la Rencontre les samedi 15 &amp; dimanche 16 novembre 2025 \u00e0 Marseille Le lien au c\u0153ur du travail th\u00e9rapeutique Alt\u00e9rit\u00e9, solidarit\u00e9, choralit\u00e9 *Champs n\u00e9cessaires Nom* : Prenom* : Mail* : Adresse : Code Postal : Ville : T\u00e9l\u00e9phone : Pr\u00e9sence au repas du dimanche midi : * En validant ce formulaire, vous acceptez &hellip; <a href=\"https:\/\/appem.psychanalyse-existentielle.fr\/?page_id=182\" class=\"more-link\">Continue reading<span class=\"screen-reader-text\"> &#8220;Inscription&#8221;<\/span><\/a><\/p>\n","protected":false},"author":1,"featured_media":0,"parent":0,"menu_order":0,"comment_status":"closed","ping_status":"closed","template":"","meta":{"footnotes":""},"class_list":["post-182","page","type-page","status-publish","hentry"],"_links":{"self":[{"href":"https:\/\/appem.psychanalyse-existentielle.fr\/index.php?rest_route=\/wp\/v2\/pages\/182","targetHints":{"allow":["GET"]}}],"collection":[{"href":"https:\/\/appem.psychanalyse-existentielle.fr\/index.php?rest_route=\/wp\/v2\/pages"}],"about":[{"href":"https:\/\/appem.psychanalyse-existentielle.fr\/index.php?rest_route=\/wp\/v2\/types\/page"}],"author":[{"embeddable":true,"href":"https:\/\/appem.psychanalyse-existentielle.fr\/index.php?rest_route=\/wp\/v2\/users\/1"}],"replies":[{"embeddable":true,"href":"https:\/\/appem.psychanalyse-existentielle.fr\/index.php?rest_route=%2Fwp%2Fv2%2Fcomments&post=182"}],"version-history":[{"count":45,"href":"https:\/\/appem.psychanalyse-existentielle.fr\/index.php?rest_route=\/wp\/v2\/pages\/182\/revisions"}],"predecessor-version":[{"id":353,"href":"https:\/\/appem.psychanalyse-existentielle.fr\/index.php?rest_route=\/wp\/v2\/pages\/182\/revisions\/353"}],"wp:attachment":[{"href":"https:\/\/appem.psychanalyse-existentielle.fr\/index.php?rest_route=%2Fwp%2Fv2%2Fmedia&parent=182"}],"curies":[{"name":"wp","href":"https:\/\/api.w.org\/{rel}","templated":true}]}}