{"id":330,"date":"2025-07-06T09:59:22","date_gmt":"2025-07-06T07:59:22","guid":{"rendered":"https:\/\/appem.psychanalyse-existentielle.fr\/?page_id=330"},"modified":"2025-07-06T09:59:22","modified_gmt":"2025-07-06T07:59:22","slug":"mises-a-jour-en-cours","status":"publish","type":"page","link":"https:\/\/appem.psychanalyse-existentielle.fr\/","title":{"rendered":"Mises \u00e0 jour en cours"},"content":{"rendered":"\n<p>Ce site fait l&#8217;objet d&#8217;une mise \u00e0 jour.<br>A tr\u00e8s bient\u00f4t.<\/p>\n\n\n\n<p><\/p>\n","protected":false},"excerpt":{"rendered":"<p>Ce site fait l&#8217;objet d&#8217;une mise \u00e0 jour.A tr\u00e8s bient\u00f4t.<\/p>\n","protected":false},"author":1,"featured_media":0,"parent":0,"menu_order":0,"comment_status":"closed","ping_status":"closed","template":"","meta":{"footnotes":""},"class_list":["post-330","page","type-page","status-publish","hentry"],"_links":{"self":[{"href":"https:\/\/appem.psychanalyse-existentielle.fr\/index.php?rest_route=\/wp\/v2\/pages\/330","targetHints":{"allow":["GET"]}}],"collection":[{"href":"https:\/\/appem.psychanalyse-existentielle.fr\/index.php?rest_route=\/wp\/v2\/pages"}],"about":[{"href":"https:\/\/appem.psychanalyse-existentielle.fr\/index.php?rest_route=\/wp\/v2\/types\/page"}],"author":[{"embeddable":true,"href":"https:\/\/appem.psychanalyse-existentielle.fr\/index.php?rest_route=\/wp\/v2\/users\/1"}],"replies":[{"embeddable":true,"href":"https:\/\/appem.psychanalyse-existentielle.fr\/index.php?rest_route=%2Fwp%2Fv2%2Fcomments&post=330"}],"version-history":[{"count":1,"href":"https:\/\/appem.psychanalyse-existentielle.fr\/index.php?rest_route=\/wp\/v2\/pages\/330\/revisions"}],"predecessor-version":[{"id":331,"href":"https:\/\/appem.psychanalyse-existentielle.fr\/index.php?rest_route=\/wp\/v2\/pages\/330\/revisions\/331"}],"wp:attachment":[{"href":"https:\/\/appem.psychanalyse-existentielle.fr\/index.php?rest_route=%2Fwp%2Fv2%2Fmedia&parent=330"}],"curies":[{"name":"wp","href":"https:\/\/api.w.org\/{rel}","templated":true}]}}