{"id":363,"date":"2025-10-13T15:23:57","date_gmt":"2025-10-13T13:23:57","guid":{"rendered":"https:\/\/appem.psychanalyse-existentielle.fr\/?page_id=363"},"modified":"2025-10-13T15:29:00","modified_gmt":"2025-10-13T13:29:00","slug":"le-lien-au-coeur-du-travail-therapeutique","status":"publish","type":"page","link":"https:\/\/appem.psychanalyse-existentielle.fr\/?page_id=363","title":{"rendered":"LE LIEN AU C\u0152UR DU TRAVAIL TH\u00c9RAPEUTIQUE"},"content":{"rendered":"\n<p class=\"has-bright-blue-color has-text-color has-link-color wp-elements-f23858befe2327f77de9ff144d32b048\"><strong style=\"color:#5DA3C2;\">Alt\u00e9rit\u00e9, solidarit\u00e9, choralit\u00e9<\/strong><br><\/p>\n\n\n\n<p>Autour du film <em>Je verrai toujours vos visages<\/em><br>r\u00e9alis\u00e9 par <em>Jeanne Herry<\/em><\/p>\n\n\n\n<p>Notre m\u00e9thode de psychanalyse existentielle est r\u00e9f\u00e9renc\u00e9e dans le courant<br>humaniste de la FF2P. Elle se r\u00e9f\u00e8re aux concepts de la psychanalyse<br>contemporaine et de la philosophie existentielle.<br><br>Chacun\u00b7e porte en soi sa singularit\u00e9. Comment nous rencontrer ?<br>Comment accueillir l\u2019autre, favoriser l&#8217;inclusion ? Comment notre sens<br>de l&#8217;attention peut-il renforcer le lien ? Les diff\u00e9rences peuvent-elles nous<br>r\u00e9unir ? Ce qui para\u00eet si simple \u00e0 \u00e9noncer est parfois bien complexe \u00e0<br>mettre en acte. L\u2019\u00e9lan d&#8217;ouverture nous semble essentiel pour pr\u00e9server<br>l\u2019horizon d\u2019un vivre ensemble serein. Et si ce positionnement \u00e9tait au c\u0153ur<br>m\u00eame du travail th\u00e9rapeutique, de la pratique de psychanalyse existentielle ?<br>Nous portons en nous et entre nous notre multiculturalit\u00e9.<\/p>\n\n\n\n<div class=\"wp-block-columns is-layout-flex wp-container-core-columns-is-layout-9d6595d7 wp-block-columns-is-layout-flex\">\n<div class=\"wp-block-column is-layout-flow wp-block-column-is-layout-flow\">\n<p><strong style=\"color:#5DA3C2;\">SAMEDI 15 NOVEMBRE<\/strong><br><br><strong>13h30 &#8211; 14h30<\/strong><br>Accueil et introduction<br><br><strong>14h30 &#8211; 16h30<\/strong><br>Projection du film<br><br><strong>17h00 &#8211; 18h00<\/strong><br><font style=\"color:#5DA3C2;\">D\u00e9bat<\/font> sur le film et \u00e9laboration<br>chorale<br><br><strong>18h00 &#8211; 19h00<\/strong><br><font style=\"color:#5DA3C2;\">Communication et d\u00e9bat<\/font><br><br><strong>19h00 &#8211; 19h30<\/strong><br><font style=\"color:#5DA3C2;\">Pr\u00e9sentation des ateliers<\/font> cr\u00e9atif<br>ou \u00e9laboratif et <font style=\"color:#5DA3C2;\">inscription<\/font> aux<br>ateliers<\/p>\n<\/div>\n\n\n\n<div class=\"wp-block-column is-layout-flow wp-block-column-is-layout-flow\">\n<p><strong style=\"color:#5DA3C2;\">DIMANCHE 16 NOVEMBRE<\/strong><br><br><strong>9h30 &#8211; 10h00<\/strong><br>Accueil<br><br><strong>10h00 &#8211; 11h00<\/strong><br><font style=\"color:#5DA3C2;\">Communication et d\u00e9bat<\/font><br><br><strong>11h00 &#8211; 12h00<\/strong><br><font style=\"color:#5DA3C2;\">Communication et d\u00e9bat<\/font><br><br><strong>12h00 &#8211; 13h30<\/strong><br><font style=\"color:#5DA3C2;\">Pause repas<\/font> (libre ou sur inscription,<br>non inclus dans le tarif des Rencontres)<br><br><strong>13h30 &#8211; 15h00<\/strong><br><font style=\"color:#5DA3C2;\">Ateliers<\/font> cr\u00e9atif ou \u00e9laboratif et <font style=\"color:#5DA3C2;\">restitution<\/font><br><br><strong>15h00 &#8211; 16h00<\/strong><br><font style=\"color:#5DA3C2;\">Conclusions et perspectives<\/font><\/p>\n<\/div>\n<\/div>\n\n\n\n<div class=\"wp-block-columns is-layout-flex wp-container-core-columns-is-layout-9d6595d7 wp-block-columns-is-layout-flex\">\n<div class=\"wp-block-column is-layout-flow wp-block-column-is-layout-flow\">\n<p><strong style=\"color:#F6932F;\">INSCRIPTION<\/strong><br><br><strong>Adh\u00e9sion<\/strong> facultative<br>\u00e0 l\u2019association : 5 \u20ac<br><br><strong>Tarifs Rencontres<\/strong><br><strong>35\u20ac<\/strong> public | <strong>55\u20ac<\/strong> professionnel\u00b7les<br><strong>15\u20ac<\/strong> r\u00e9duit avec justificatif<\/p>\n<\/div>\n\n\n\n<div class=\"wp-block-column is-layout-flow wp-block-column-is-layout-flow\">\n<p><strong><a href=\"https:\/\/appem.psychanalyse-existentielle.fr\/?page_id=182\" data-type=\"page\" data-id=\"222\">S&#8217;INSCRIRE<\/a><\/strong><br><br><a href=\"http:\/\/appem.psychanalyse-existentielle.fr\/wp-content\/uploads\/2025\/10\/APPEM-rencontres-15-et-16-novembre-2025.pdf\">T\u00e9l\u00e9charger le document<\/a><\/p>\n<\/div>\n<\/div>\n","protected":false},"excerpt":{"rendered":"<p>Alt\u00e9rit\u00e9, solidarit\u00e9, choralit\u00e9 Autour du film Je verrai toujours vos visagesr\u00e9alis\u00e9 par Jeanne Herry Notre m\u00e9thode de psychanalyse existentielle est r\u00e9f\u00e9renc\u00e9e dans le couranthumaniste de la FF2P. Elle se r\u00e9f\u00e8re aux concepts de la psychanalysecontemporaine et de la philosophie existentielle. Chacun\u00b7e porte en soi sa singularit\u00e9. Comment nous rencontrer ?Comment accueillir l\u2019autre, favoriser l&#8217;inclusion ? &hellip; <a href=\"https:\/\/appem.psychanalyse-existentielle.fr\/?page_id=363\" class=\"more-link\">Continue reading<span class=\"screen-reader-text\"> &#8220;LE LIEN AU C\u0152UR DU TRAVAIL TH\u00c9RAPEUTIQUE&#8221;<\/span><\/a><\/p>\n","protected":false},"author":1,"featured_media":0,"parent":0,"menu_order":0,"comment_status":"closed","ping_status":"closed","template":"","meta":{"footnotes":""},"class_list":["post-363","page","type-page","status-publish","hentry"],"_links":{"self":[{"href":"https:\/\/appem.psychanalyse-existentielle.fr\/index.php?rest_route=\/wp\/v2\/pages\/363","targetHints":{"allow":["GET"]}}],"collection":[{"href":"https:\/\/appem.psychanalyse-existentielle.fr\/index.php?rest_route=\/wp\/v2\/pages"}],"about":[{"href":"https:\/\/appem.psychanalyse-existentielle.fr\/index.php?rest_route=\/wp\/v2\/types\/page"}],"author":[{"embeddable":true,"href":"https:\/\/appem.psychanalyse-existentielle.fr\/index.php?rest_route=\/wp\/v2\/users\/1"}],"replies":[{"embeddable":true,"href":"https:\/\/appem.psychanalyse-existentielle.fr\/index.php?rest_route=%2Fwp%2Fv2%2Fcomments&post=363"}],"version-history":[{"count":7,"href":"https:\/\/appem.psychanalyse-existentielle.fr\/index.php?rest_route=\/wp\/v2\/pages\/363\/revisions"}],"predecessor-version":[{"id":374,"href":"https:\/\/appem.psychanalyse-existentielle.fr\/index.php?rest_route=\/wp\/v2\/pages\/363\/revisions\/374"}],"wp:attachment":[{"href":"https:\/\/appem.psychanalyse-existentielle.fr\/index.php?rest_route=%2Fwp%2Fv2%2Fmedia&parent=363"}],"curies":[{"name":"wp","href":"https:\/\/api.w.org\/{rel}","templated":true}]}}